{"id":706,"date":"2014-11-06T12:34:10","date_gmt":"2014-11-06T12:34:10","guid":{"rendered":"https:\/\/bioconsum.com\/qui-som-2\/"},"modified":"2022-06-23T13:36:28","modified_gmt":"2022-06-23T13:36:28","slug":"qui-som","status":"publish","type":"page","link":"https:\/\/bioconsum.com\/es\/qui-som\/","title":{"rendered":"Quienes somos"},"content":{"rendered":"<div class=\"row\"><div class=\"col-md-12 col-xs-12\"><div class=\"row\"><div class=\"col-md-6 col-xs-12 columna-contenido\"><\/p>\n<h3 style=\"text-align: center;\">Nosotros<\/h3>\n<p>Bioconsum somos una agrupaci\u00f3n de m\u00e1s de 60 tiendas independientes que comercializamos productos de alimentaci\u00f3n ecol\u00f3gica y de herbodiet\u00e9tica. <b style=\"color: #cf1532;\">Somos un grupo de tiendas creado por tenderas y tenderos independientes <\/b>con el objetivo de mejorar la rentabilidad y viabilidad de nuestros negocios, gracias al conocimiento compartido y la creaci\u00f3n de herramientas profesionales.<\/p>\n<p>Bioconsum naci\u00f3 en 1998 en los encuentros que hac\u00edamos algunas tiendas en el Gremio de Herbolarios, <b style=\"color: #cf1532;\">y hoy ya somos m\u00e1s de 60<\/b>! Actualmente estamos presentes en Catalu\u00f1a y en la Comunidad Valenciana y tenemos vocaci\u00f3n de crecimiento en otras zonas. <b style=\"color: #cf1532;\">Somos el tercer operador m\u00e1s importante del sector especializado ecol\u00f3gico en Espa\u00f1a. <\/b>Esto nos da poder de negociaci\u00f3n frente a proveedores y otros actores. Al mismo tiempo, nos proporciona conocimiento compartido que nos permite realizar un aprendizaje continuado.<\/p>\n<p><b style=\"color: #cf1532;\">Somos el operador m\u00e1s importante que agrupa tiendas independientes. <\/b>Las tiendas que formamos parte de Bioconsum tenemos diferentes nombres, tama\u00f1os y situaciones particulares, pero todas compartimos la voluntad de mejorar nuestros negocios y perdurar en el tiempo.<\/p>\n<p>Somos tiendas muy diversas pero con problem\u00e1ticas y necesidades similares. Formar parte del grupo no s\u00f3lo nos da herramientas para avanzar sino que tambi\u00e9n nos ofrece la oportunidad de cerrar filas y sentir que tenemos apoyo.<\/p>\n<p>La \u00fanica manera de poder mantener la singularidad y la diversidad de la comunidad de tiendas asociadas a Bioconsum es actuar de forma conjunta comprometi\u00e9ndonos a compartir lo esencial. Esta cohesi\u00f3n y armonizaci\u00f3n es clave para la viabilidad de todas y todos. <b style=\"color: #cf1532;\">\u00a1Unidas somos m\u00e1s fuertes!<\/b><\/p>\n<p><\/div><div class=\"col-md-6 col-xs-12 columna-contenido\"><\/p>\n<h3 style=\"text-align: center;\">Historia<\/h3>\n<p>Bioconsum naci\u00f3 en 1998 como iniciativa de las tiendas del sector de la herborister\u00eda y la diet\u00e9tica motivadas para mejorar juntas.<\/p>\n<p>Las tiendas que iniciaron el proyecto Bioconsum formaban parte del Gremi d&#8217;Herbolaris. Se conoc\u00edan y despu\u00e9s de compartir vivencias y experiencias se dieron cuenta de que ten\u00edan necesidades comunes. Por eso se juntaron y crearon Bioconsum. Estas tenderas y tenderos son ahora las socias y socios de Bioconsum S.L.<\/p>\n<p>Lo primero que hicieron fue unirse para hacer compras por volumen y poder conseguir mejores acuerdos comerciales y precios reducidos.<\/p>\n<p>A lo largo de los a\u00f1os, Bioconsum se ha ido profesionalizando, siempre centr\u00e1ndonos en ofrecer herramientas y servicios que den respuesta a las necesidades y peticiones de los miembros del grupo.<\/p>\n<p>Actualmente, la oficina central de Bioconsum ofrece un amplio abanico de servicios profesionalizados que van desde servicios de compras hasta herramientas de gesti\u00f3n, pasando por la creaci\u00f3n de productos de marcas propias y mucho m\u00e1s.<\/p>\n<p><\/div><\/div><\/div><\/div>\n","protected":false},"excerpt":{"rendered":"","protected":false},"author":2,"featured_media":0,"parent":0,"menu_order":30,"comment_status":"open","ping_status":"closed","template":"","meta":{"_acf_changed":false,"footnotes":""},"class_list":["post-706","page","type-page","status-publish","hentry"],"acf":[],"_links":{"self":[{"href":"https:\/\/bioconsum.com\/es\/wp-json\/wp\/v2\/pages\/706","targetHints":{"allow":["GET"]}}],"collection":[{"href":"https:\/\/bioconsum.com\/es\/wp-json\/wp\/v2\/pages"}],"about":[{"href":"https:\/\/bioconsum.com\/es\/wp-json\/wp\/v2\/types\/page"}],"author":[{"embeddable":true,"href":"https:\/\/bioconsum.com\/es\/wp-json\/wp\/v2\/users\/2"}],"replies":[{"embeddable":true,"href":"https:\/\/bioconsum.com\/es\/wp-json\/wp\/v2\/comments?post=706"}],"version-history":[{"count":4,"href":"https:\/\/bioconsum.com\/es\/wp-json\/wp\/v2\/pages\/706\/revisions"}],"predecessor-version":[{"id":1726,"href":"https:\/\/bioconsum.com\/es\/wp-json\/wp\/v2\/pages\/706\/revisions\/1726"}],"wp:attachment":[{"href":"https:\/\/bioconsum.com\/es\/wp-json\/wp\/v2\/media?parent=706"}],"curies":[{"name":"wp","href":"https:\/\/api.w.org\/{rel}","templated":true}]}}