{"id":655,"date":"2016-04-01T08:44:25","date_gmt":"2016-04-01T08:44:25","guid":{"rendered":"https:\/\/bioconsum.com\/?page_id=655"},"modified":"2016-04-01T09:20:31","modified_gmt":"2016-04-01T09:20:31","slug":"politica-de-cookies-2","status":"publish","type":"page","link":"https:\/\/bioconsum.com\/es\/politica-de-cookies-2\/","title":{"rendered":"Pol\u00edtica de cookies"},"content":{"rendered":"<p>Las cookies son peque\u00f1os archivos de texto en los que los navegadores almacenan informaci\u00f3n durante las visitas a las p\u00e1ginas web. En las cookies, se pueden recoger datos como la direcci\u00f3n IP, la direcci\u00f3n que se est\u00e1 visitando, el sistema operativo, el idioma de navegaci\u00f3n, adem\u00e1s de otra informaci\u00f3n. Esta informaci\u00f3n no queda asociada a ninguna persona concreta sino que es \u00fanicamente informaci\u00f3n estad\u00edstica para analizar la visibilidad de los diversos contenidos del sitio web.<\/p>\n<p>A continuaci\u00f3n, le damos informaci\u00f3n sobre qu\u00e9 cookies utiliza este sitio web as\u00ed como de la forma de controlar la gesti\u00f3n de cookies y de c\u00f3mo eliminarlas completamente.<\/p>\n<p style=\"text-align: left;\"><strong>Cookies que utiliza este sitio web:<\/strong><\/p>\n<p style=\"text-align: left;\">Este sitio web utiliza una cookie de Google Analytics. Google Analytics es un servicio gratuito que ofrece Google Inc. y que recoge informaci\u00f3n sobre qu\u00e9 p\u00e1ginas del sitio web se han consultado, en qu\u00e9 momento, con qu\u00e9 navegador, etc. Posteriormente, esta informaci\u00f3n se env\u00eda a los servidores de Google Inc. en Estados Unidos.<\/p>\n<p style=\"text-align: left;\">Tambi\u00e9n utilizamos una cookie para almacenar tu idioma de navegaci\u00f3n. \u00danicamente la usamos para redirigirte al idioma que quieras autom\u00e1ticamente.<\/p>\n<p style=\"text-align: left;\"><strong>\u00bfC\u00f3mo se pueden administrar las cookies en el navegador?<\/strong><\/p>\n<p style=\"text-align: left;\">El usuario puede gestionar las cookies instaladas en su equipo mediante la configuraci\u00f3n de las opciones del navegador. A continuaci\u00f3n os mostramos c\u00f3mo puede cambiar la configuraci\u00f3n de las cookies en los principales navegadores del mercado para su versi\u00f3n de PC. En caso de que utilice otros navegadores o plataformas, por favor, consulte la documentaci\u00f3n espec\u00edfica suministrada por la empresa desarrolladora del navegador. La informaci\u00f3n mostrada aqu\u00ed para la configuraci\u00f3n es para las versiones existentes en el momento de la confecci\u00f3n de esta documentaci\u00f3n. Es posible que las instrucciones difieran en futuras versiones de los navegadores. En este caso, por favor, consulte el apartado de apoyo correspondiente de la empresa desarrolladora.<\/p>\n<p style=\"text-align: left;\"><strong>Para ajustar los permisos relacionados con las cookies en el navegador Google Chrome:<\/strong><\/p>\n<ul>\n<li>Haga clic en el men\u00fa situado en la barra de herramientas.<\/li>\n<li>Seleccione<em> Configuraci\u00f3n.<\/em><\/li>\n<li>Pulsar en <em>Mostrar opciones avanzada.<\/em><\/li>\n<li>En la secci\u00f3n <em>Privacidad<\/em> pulse el bot\u00f3n <em>Configuraci\u00f3n de contenido.<\/em><\/li>\n<li>En la secci\u00f3n<em> Cookies<\/em> se pueden configurar las opciones.<\/li>\n<\/ul>\n<p>M\u00e1s informaci\u00f3n sobre Google Chrome.<\/p>\n<p style=\"text-align: left;\"><strong>Para ajustar los permisos relacionados con las cookies en el navegador Mozilla Firefox:<\/strong><\/p>\n<ul>\n<li style=\"text-align: left;\">En la parte superior de la ventana de Firefox haga clic en el men\u00fa<em> Herramientas.<\/em><\/li>\n<li style=\"text-align: left;\">Seleccione <em>Opciones.<\/em><\/li>\n<li style=\"text-align: left;\">Seleccione el panel<em> Privacidad.<\/em><\/li>\n<li style=\"text-align: left;\">En la opci\u00f3n <em>Firefox<\/em> podr\u00e1 elegir <em>Usar una configuraci\u00f3n personalizada para el historial para configurar las opciones.<\/em><\/li>\n<\/ul>\n<p>M\u00e1s informaci\u00f3n sobre Mozilla Firefox.<\/p>\n<p style=\"text-align: left;\"><strong>Para ajustar los permisos relacionados con las cookies en el navegador Internet Explorer:<\/strong><\/p>\n<ul>\n<li style=\"text-align: left;\">En la parte superior de la ventana de Internet Explorer haga clic en el men\u00fa Herramientas.<\/li>\n<li style=\"text-align: left;\">Ir a la pesta\u00f1a<em> Seguridad<\/em> y utilice la opci\u00f3n <em>Eliminar el historial de exploraci\u00f3n<\/em> para eliminar las cookies.<\/li>\n<\/ul>\n<p>M\u00e1s informaci\u00f3n sobre Internet Explorer.<\/p>\n<p style=\"text-align: left;\">Si bloquea el uso de cookies en su navegador es posible que algunos servicios o funcionalidades de la p\u00e1gina web no est\u00e9n disponibles.<\/p>\n","protected":false},"excerpt":{"rendered":"<p>Las cookies son peque\u00f1os archivos de texto en los que los navegadores almacenan informaci\u00f3n durante las visitas a las p\u00e1ginas web. En las cookies, se pueden recoger datos como la direcci\u00f3n IP, la direcci\u00f3n que se est\u00e1 visitando, el sistema operativo, el idioma de navegaci\u00f3n, adem\u00e1s de otra informaci\u00f3n. Esta informaci\u00f3n no queda asociada a [&hellip;]<\/p>\n","protected":false},"author":2,"featured_media":0,"parent":0,"menu_order":0,"comment_status":"open","ping_status":"open","template":"","meta":{"_acf_changed":false,"footnotes":""},"class_list":["post-655","page","type-page","status-publish","hentry"],"acf":[],"_links":{"self":[{"href":"https:\/\/bioconsum.com\/es\/wp-json\/wp\/v2\/pages\/655","targetHints":{"allow":["GET"]}}],"collection":[{"href":"https:\/\/bioconsum.com\/es\/wp-json\/wp\/v2\/pages"}],"about":[{"href":"https:\/\/bioconsum.com\/es\/wp-json\/wp\/v2\/types\/page"}],"author":[{"embeddable":true,"href":"https:\/\/bioconsum.com\/es\/wp-json\/wp\/v2\/users\/2"}],"replies":[{"embeddable":true,"href":"https:\/\/bioconsum.com\/es\/wp-json\/wp\/v2\/comments?post=655"}],"version-history":[{"count":0,"href":"https:\/\/bioconsum.com\/es\/wp-json\/wp\/v2\/pages\/655\/revisions"}],"wp:attachment":[{"href":"https:\/\/bioconsum.com\/es\/wp-json\/wp\/v2\/media?parent=655"}],"curies":[{"name":"wp","href":"https:\/\/api.w.org\/{rel}","templated":true}]}}