{"id":1818,"date":"2023-09-20T08:42:18","date_gmt":"2023-09-20T08:42:18","guid":{"rendered":"https:\/\/bioconsum.com\/?page_id=1818"},"modified":"2023-09-20T08:48:06","modified_gmt":"2023-09-20T08:48:06","slug":"naturasi","status":"publish","type":"page","link":"https:\/\/bioconsum.com\/es\/naturasi\/","title":{"rendered":"NaturaS\u00ec"},"content":{"rendered":"<p style=\"text-align: center;\"><img decoding=\"async\" src=\"https:\/\/bioconsum.com\/wp-content\/uploads\/2023\/09\/naturasi_logo_ES.png\" width=\"600px\" \/><\/p>\n<p style=\"text-align: center;\">\u00a1\u00danete al ecosistema NaturaS\u00ec!<br \/>\nAcompa\u00f1amiento y estrategia en tu ruta hace el \u00e9xito.<\/p>\n<p><\/br><\/p>\n<p style=\"text-align: center;\"><a class=\"red-btn\" href=\"https:\/\/bioconsum.com\/wp-content\/uploads\/2023\/09\/DOSIER-NATURASI-ESPANYOL_compressed.pdf\">Descargar Dosier Informativo<\/a><\/p>\n<p><\/br><\/br><\/p>\n","protected":false},"excerpt":{"rendered":"<p>\u00a1\u00danete al ecosistema NaturaS\u00ec! Acompa\u00f1amiento y estrategia en tu ruta hace el \u00e9xito. Descargar Dosier Informativo<\/p>\n","protected":false},"author":2,"featured_media":0,"parent":0,"menu_order":0,"comment_status":"closed","ping_status":"closed","template":"","meta":{"_acf_changed":false,"footnotes":""},"class_list":["post-1818","page","type-page","status-publish","hentry"],"acf":[],"_links":{"self":[{"href":"https:\/\/bioconsum.com\/es\/wp-json\/wp\/v2\/pages\/1818","targetHints":{"allow":["GET"]}}],"collection":[{"href":"https:\/\/bioconsum.com\/es\/wp-json\/wp\/v2\/pages"}],"about":[{"href":"https:\/\/bioconsum.com\/es\/wp-json\/wp\/v2\/types\/page"}],"author":[{"embeddable":true,"href":"https:\/\/bioconsum.com\/es\/wp-json\/wp\/v2\/users\/2"}],"replies":[{"embeddable":true,"href":"https:\/\/bioconsum.com\/es\/wp-json\/wp\/v2\/comments?post=1818"}],"version-history":[{"count":8,"href":"https:\/\/bioconsum.com\/es\/wp-json\/wp\/v2\/pages\/1818\/revisions"}],"predecessor-version":[{"id":1842,"href":"https:\/\/bioconsum.com\/es\/wp-json\/wp\/v2\/pages\/1818\/revisions\/1842"}],"wp:attachment":[{"href":"https:\/\/bioconsum.com\/es\/wp-json\/wp\/v2\/media?parent=1818"}],"curies":[{"name":"wp","href":"https:\/\/api.w.org\/{rel}","templated":true}]}}